{"id":1429,"date":"2024-09-25T19:23:15","date_gmt":"2024-09-25T19:23:15","guid":{"rendered":"http:\/\/raizespentecostais.com.br\/?page_id=1429"},"modified":"2025-10-22T17:33:56","modified_gmt":"2025-10-22T17:33:56","slug":"entrevistas","status":"publish","type":"page","link":"https:\/\/raizespentecostais.com.br\/index.php\/entrevistas\/","title":{"rendered":"Entrevistas"},"content":{"rendered":"\t\t<div data-elementor-type=\"wp-page\" data-elementor-id=\"1429\" class=\"elementor elementor-1429\">\n\t\t\t\t<div class=\"elementor-element elementor-element-61458f5 e-flex e-con-boxed e-con e-parent\" data-id=\"61458f5\" data-element_type=\"container\" data-e-type=\"container\" data-settings=\"{&quot;background_background&quot;:&quot;classic&quot;}\">\n\t\t\t\t\t<div class=\"e-con-inner\">\n\t\t\t\t<div class=\"elementor-element elementor-element-05998c1 elementor-widget elementor-widget-page-title\" data-id=\"05998c1\" data-element_type=\"widget\" data-e-type=\"widget\" data-settings=\"{&quot;align&quot;:&quot;center&quot;}\" data-widget_type=\"page-title.default\">\n\t\t\t\t<div class=\"elementor-widget-container\">\n\t\t\t\t\t\t\t\n\t\t<div class=\"hfe-page-title hfe-page-title-wrapper elementor-widget-heading\">\n\n\t\t\t\t\t\t\t\t<h2 class=\"elementor-heading-title elementor-size-default\">\n\t\t\t\t\t\t\t\t\n\t\t\t\t\t\t\t\t\tCategoria:\t\t\t\t\tEntrevistas  \n\t\t\t<\/h2 > \n\t\t\t\t\t<\/div>\n\t\t\t\t\t\t<\/div>\n\t\t\t\t<\/div>\n\t\t\t\t<div class=\"elementor-element elementor-element-c286cde elementor-widget-divider--view-line_icon elementor-view-default elementor-widget-divider--element-align-center elementor-widget elementor-widget-divider\" data-id=\"c286cde\" data-element_type=\"widget\" data-e-type=\"widget\" data-widget_type=\"divider.default\">\n\t\t\t\t<div class=\"elementor-widget-container\">\n\t\t\t\t\t\t\t<div class=\"elementor-divider\">\n\t\t\t<span class=\"elementor-divider-separator\">\n\t\t\t\t\t\t\t<div class=\"elementor-icon elementor-divider__element\">\n\t\t\t\t\t<i aria-hidden=\"true\" class=\"icon icon-folder\"><\/i><\/div>\n\t\t\t\t\t\t<\/span>\n\t\t<\/div>\n\t\t\t\t\t\t<\/div>\n\t\t\t\t<\/div>\n\t\t\t\t\t<\/div>\n\t\t\t\t<\/div>\n\t\t<div class=\"elementor-element elementor-element-b81d21e e-flex e-con-boxed e-con e-parent\" data-id=\"b81d21e\" data-element_type=\"container\" data-e-type=\"container\">\n\t\t\t\t\t<div class=\"e-con-inner\">\n\t\t\t\t<div class=\"elementor-element elementor-element-11e14d7 elementor-grid-eael-col-3 elementor-grid-tablet-eael-col-3 elementor-grid-mobile-eael-col-1 elementor-widget elementor-widget-eael-post-grid\" data-id=\"11e14d7\" data-element_type=\"widget\" data-e-type=\"widget\" data-settings=\"{&quot;eael_post_grid_columns&quot;:&quot;eael-col-3&quot;,&quot;eael_post_grid_columns_tablet&quot;:&quot;eael-col-3&quot;,&quot;eael_post_grid_columns_mobile&quot;:&quot;eael-col-1&quot;}\" data-widget_type=\"eael-post-grid.default\">\n\t\t\t\t<div class=\"elementor-widget-container\">\n\t\t\t\t\t<div id=\"eael-post-grid-11e14d7\" class=\"eael-post-grid-container\">\n            <div class=\"eael-post-grid eael-post-appender eael-post-appender-11e14d7 eael-post-grid-style-one\" data-layout-mode=\"masonry\"><article class=\"eael-grid-post  eael-post-grid-column eael-pg-post-2746 category-entrevistas\" data-id=\"2746\">\n        <div class=\"eael-grid-post-holder\">\n            <div class=\"eael-grid-post-holder-inner\"><div class=\"eael-entry-media\"><div class=\"eael-entry-overlay fade-in\"><i class=\"fas fa-external-link-alt\" aria-hidden=\"true\"><\/i><a href=\"https:\/\/raizespentecostais.com.br\/index.php\/entrevista-o-livro-do-apocalipse\/\"><\/a><\/div><div class=\"eael-entry-thumbnail \">\n                <img fetchpriority=\"high\" decoding=\"async\" width=\"300\" height=\"297\" src=\"https:\/\/raizespentecostais.com.br\/wp-content\/uploads\/2025\/05\/Orlando-Boyer-300x297.png\" class=\"attachment-medium size-medium wp-image-2748\" alt=\"\" srcset=\"https:\/\/raizespentecostais.com.br\/wp-content\/uploads\/2025\/05\/Orlando-Boyer-300x297.png 300w, https:\/\/raizespentecostais.com.br\/wp-content\/uploads\/2025\/05\/Orlando-Boyer-150x150.png 150w, https:\/\/raizespentecostais.com.br\/wp-content\/uploads\/2025\/05\/Orlando-Boyer-768x761.png 768w, https:\/\/raizespentecostais.com.br\/wp-content\/uploads\/2025\/05\/Orlando-Boyer.png 986w\" sizes=\"(max-width: 300px) 100vw, 300px\" \/>\n            <\/div>\n        <\/div><div class=\"eael-entry-wrapper\"><header class=\"eael-entry-header\"><h2 class=\"eael-entry-title\"><a class=\"eael-grid-post-link\" href=\"https:\/\/raizespentecostais.com.br\/index.php\/entrevista-o-livro-do-apocalipse\/\" title=\"Entrevista: O livro do Apocalipse\">Entrevista: O livro do Apocalipse<\/a><\/h2><\/header><div class=\"eael-entry-content\">\n                        <div class=\"eael-grid-post-excerpt\"><p>Por Pr. Orlando Boyer (1893-1978) 1 Pioneiro de Assembleias de Deus em Alagoas, Cear\u00e1 e Santa Catarina ENTREVISTAMOS ORLANDO BOYER,...<\/p><a href=\"https:\/\/raizespentecostais.com.br\/index.php\/entrevista-o-livro-do-apocalipse\/\" class=\"eael-post-elements-readmore-btn\">Leia Mais<\/a><\/div>\n                    <\/div><\/div><\/div>\n        <\/div>\n    <\/article><article class=\"eael-grid-post  eael-post-grid-column eael-pg-post-2566 category-categorias-entrevistas\" data-id=\"2566\">\n        <div class=\"eael-grid-post-holder\">\n            <div class=\"eael-grid-post-holder-inner\"><div class=\"eael-entry-media\"><div class=\"eael-entry-overlay fade-in\"><i class=\"fas fa-external-link-alt\" aria-hidden=\"true\"><\/i><a href=\"https:\/\/raizespentecostais.com.br\/index.php\/entrevista-o-inicio-da-eetad\/\"><\/a><\/div><div class=\"eael-entry-thumbnail \">\n                <img decoding=\"async\" width=\"300\" height=\"182\" src=\"https:\/\/raizespentecostais.com.br\/wp-content\/uploads\/2025\/04\/87-e1744387605934-300x182.jpeg\" class=\"attachment-medium size-medium wp-image-2577\" alt=\"\" srcset=\"https:\/\/raizespentecostais.com.br\/wp-content\/uploads\/2025\/04\/87-e1744387605934-300x182.jpeg 300w, https:\/\/raizespentecostais.com.br\/wp-content\/uploads\/2025\/04\/87-e1744387605934-768x466.jpeg 768w, https:\/\/raizespentecostais.com.br\/wp-content\/uploads\/2025\/04\/87-e1744387605934.jpeg 1003w\" sizes=\"(max-width: 300px) 100vw, 300px\" \/>\n            <\/div>\n        <\/div><div class=\"eael-entry-wrapper\"><header class=\"eael-entry-header\"><h2 class=\"eael-entry-title\"><a class=\"eael-grid-post-link\" href=\"https:\/\/raizespentecostais.com.br\/index.php\/entrevista-o-inicio-da-eetad\/\" title=\"Entrevista: O in\u00edcio da EETAD\">Entrevista: O in\u00edcio da EETAD<\/a><\/h2><\/header><div class=\"eael-entry-content\">\n                        <div class=\"eael-grid-post-excerpt\"><p>Elizabeth KinasSecret\u00e1ria Executiva da Presid\u00eancia da EETAD Convidamos a irm\u00e3 Elizabeth Kinas, cuja hist\u00f3ria \u00e9 intimamente ligada \u00e0 EETAD e...<\/p><a href=\"https:\/\/raizespentecostais.com.br\/index.php\/entrevista-o-inicio-da-eetad\/\" class=\"eael-post-elements-readmore-btn\">Leia Mais<\/a><\/div>\n                    <\/div><\/div><\/div>\n        <\/div>\n    <\/article><article class=\"eael-grid-post  eael-post-grid-column eael-pg-post-2551 category-categorias-teologia-doutrinas-entrevistas-espirito-santo\" data-id=\"2551\">\n        <div class=\"eael-grid-post-holder\">\n            <div class=\"eael-grid-post-holder-inner\"><div class=\"eael-entry-media\"><div class=\"eael-entry-overlay fade-in\"><i class=\"fas fa-external-link-alt\" aria-hidden=\"true\"><\/i><a href=\"https:\/\/raizespentecostais.com.br\/index.php\/entrevista-a-doutrina-do-espirito-santo\/\"><\/a><\/div><div class=\"eael-entry-thumbnail \">\n                <img decoding=\"async\" width=\"300\" height=\"300\" src=\"https:\/\/raizespentecostais.com.br\/wp-content\/uploads\/2025\/04\/AdobeStock_205492954-Pentecost-Sunday-de-sunsdesign0014-300x300.jpg\" class=\"attachment-medium size-medium wp-image-2687\" alt=\"\" srcset=\"https:\/\/raizespentecostais.com.br\/wp-content\/uploads\/2025\/04\/AdobeStock_205492954-Pentecost-Sunday-de-sunsdesign0014-300x300.jpg 300w, https:\/\/raizespentecostais.com.br\/wp-content\/uploads\/2025\/04\/AdobeStock_205492954-Pentecost-Sunday-de-sunsdesign0014-1024x1024.jpg 1024w, https:\/\/raizespentecostais.com.br\/wp-content\/uploads\/2025\/04\/AdobeStock_205492954-Pentecost-Sunday-de-sunsdesign0014-150x150.jpg 150w, https:\/\/raizespentecostais.com.br\/wp-content\/uploads\/2025\/04\/AdobeStock_205492954-Pentecost-Sunday-de-sunsdesign0014-768x768.jpg 768w, https:\/\/raizespentecostais.com.br\/wp-content\/uploads\/2025\/04\/AdobeStock_205492954-Pentecost-Sunday-de-sunsdesign0014-1536x1536.jpg 1536w, https:\/\/raizespentecostais.com.br\/wp-content\/uploads\/2025\/04\/AdobeStock_205492954-Pentecost-Sunday-de-sunsdesign0014-2048x2048.jpg 2048w\" sizes=\"(max-width: 300px) 100vw, 300px\" \/>\n            <\/div>\n        <\/div><div class=\"eael-entry-wrapper\"><header class=\"eael-entry-header\"><h2 class=\"eael-entry-title\"><a class=\"eael-grid-post-link\" href=\"https:\/\/raizespentecostais.com.br\/index.php\/entrevista-a-doutrina-do-espirito-santo\/\" title=\"Entrevista: A doutrina do Esp\u00edrito Santo\">Entrevista: A doutrina do Esp\u00edrito Santo<\/a><\/h2><\/header><div class=\"eael-entry-content\">\n                        <div class=\"eael-grid-post-excerpt\"><p>Pr. Jose Goncalves Pastor da AD \u00c1gua Branca e Diretor do N\u00facleo da EETAD 1. Por que a B\u00edblia \u00e9...<\/p><a href=\"https:\/\/raizespentecostais.com.br\/index.php\/entrevista-a-doutrina-do-espirito-santo\/\" class=\"eael-post-elements-readmore-btn\">Leia Mais<\/a><\/div>\n                    <\/div><\/div><\/div>\n        <\/div>\n    <\/article><\/div>\n            <div class=\"clearfix\"><\/div>\n        <\/div>\t\t\t\t<\/div>\n\t\t\t\t<\/div>\n\t\t\t\t\t<\/div>\n\t\t\t\t<\/div>\n\t\t\t\t<\/div>\n\t\t","protected":false},"excerpt":{"rendered":"<p>Categoria: Entrevistas Entrevista: O livro do Apocalipse Por Pr. Orlando Boyer (1893-1978) Pioneiro de Assembleias de Deus em Alagoas, Cear\u00e1 [&hellip;]<\/p>\n","protected":false},"author":1,"featured_media":0,"parent":0,"menu_order":0,"comment_status":"closed","ping_status":"closed","template":"","meta":{"site-sidebar-layout":"default","site-content-layout":"","ast-site-content-layout":"default","site-content-style":"default","site-sidebar-style":"default","ast-global-header-display":"","ast-banner-title-visibility":"","ast-main-header-display":"","ast-hfb-above-header-display":"","ast-hfb-below-header-display":"","ast-hfb-mobile-header-display":"","site-post-title":"disabled","ast-breadcrumbs-content":"","ast-featured-img":"","footer-sml-layout":"","theme-transparent-header-meta":"","adv-header-id-meta":"","stick-header-meta":"","header-above-stick-meta":"","header-main-stick-meta":"","header-below-stick-meta":"","astra-migrate-meta-layouts":"default","ast-page-background-enabled":"default","ast-page-background-meta":{"desktop":{"background-color":"var(--ast-global-color-5)","background-image":"","background-repeat":"repeat","background-position":"center center","background-size":"auto","background-attachment":"scroll","background-type":"","background-media":"","overlay-type":"","overlay-color":"","overlay-opacity":"","overlay-gradient":""},"tablet":{"background-color":"","background-image":"","background-repeat":"repeat","background-position":"center center","background-size":"auto","background-attachment":"scroll","background-type":"","background-media":"","overlay-type":"","overlay-color":"","overlay-opacity":"","overlay-gradient":""},"mobile":{"background-color":"","background-image":"","background-repeat":"repeat","background-position":"center center","background-size":"auto","background-attachment":"scroll","background-type":"","background-media":"","overlay-type":"","overlay-color":"","overlay-opacity":"","overlay-gradient":""}},"ast-content-background-meta":{"desktop":{"background-color":"var(--ast-global-color-4)","background-image":"","background-repeat":"repeat","background-position":"center center","background-size":"auto","background-attachment":"scroll","background-type":"","background-media":"","overlay-type":"","overlay-color":"","overlay-opacity":"","overlay-gradient":""},"tablet":{"background-color":"var(--ast-global-color-4)","background-image":"","background-repeat":"repeat","background-position":"center center","background-size":"auto","background-attachment":"scroll","background-type":"","background-media":"","overlay-type":"","overlay-color":"","overlay-opacity":"","overlay-gradient":""},"mobile":{"background-color":"var(--ast-global-color-4)","background-image":"","background-repeat":"repeat","background-position":"center center","background-size":"auto","background-attachment":"scroll","background-type":"","background-media":"","overlay-type":"","overlay-color":"","overlay-opacity":"","overlay-gradient":""}},"footnotes":""},"class_list":["post-1429","page","type-page","status-publish","hentry"],"_links":{"self":[{"href":"https:\/\/raizespentecostais.com.br\/index.php\/wp-json\/wp\/v2\/pages\/1429","targetHints":{"allow":["GET"]}}],"collection":[{"href":"https:\/\/raizespentecostais.com.br\/index.php\/wp-json\/wp\/v2\/pages"}],"about":[{"href":"https:\/\/raizespentecostais.com.br\/index.php\/wp-json\/wp\/v2\/types\/page"}],"author":[{"embeddable":true,"href":"https:\/\/raizespentecostais.com.br\/index.php\/wp-json\/wp\/v2\/users\/1"}],"replies":[{"embeddable":true,"href":"https:\/\/raizespentecostais.com.br\/index.php\/wp-json\/wp\/v2\/comments?post=1429"}],"version-history":[{"count":11,"href":"https:\/\/raizespentecostais.com.br\/index.php\/wp-json\/wp\/v2\/pages\/1429\/revisions"}],"predecessor-version":[{"id":3446,"href":"https:\/\/raizespentecostais.com.br\/index.php\/wp-json\/wp\/v2\/pages\/1429\/revisions\/3446"}],"wp:attachment":[{"href":"https:\/\/raizespentecostais.com.br\/index.php\/wp-json\/wp\/v2\/media?parent=1429"}],"curies":[{"name":"wp","href":"https:\/\/api.w.org\/{rel}","templated":true}]}}